{"id":35,"date":"2014-02-26T17:53:06","date_gmt":"2014-02-26T15:53:06","guid":{"rendered":"http:\/\/www.niemenlomamokit.com\/?page_id=35"},"modified":"2014-03-23T17:03:08","modified_gmt":"2014-03-23T15:03:08","slug":"lahialueen-palvelut","status":"publish","type":"page","link":"http:\/\/www.niemenlomamokit.com\/?page_id=35","title":{"rendered":"Harrastusmahdollisuudet"},"content":{"rendered":"<p><strong>Kalastus ja uinti:<\/strong><\/p>\n<p>M\u00f6kit sijaitsevat Kuloveden rannalla, m\u00f6kkirannat ovat ihanteellisia veto- ja viehekalastukseen sek\u00e4 uimiseen.<\/p>\n<p><strong>Veneily:<\/strong><\/p>\n<p>M\u00f6kkien rannassa on soutuveneet.<\/p>\n<p>M\/S Purimo risteilee H\u00e4meenkyr\u00f6ss\u00e4 Kirkkoj\u00e4rvell\u00e4 <a href=\"http:\/\/www.purimo.net\/\">www.purimo.net<\/a><\/p>\n<p><strong>Marjastus ja sienestys:<\/strong><\/p>\n<p>M\u00f6kkien l\u00e4heisyydess\u00e4 on hyv\u00e4t mets\u00e4t marjastukseen ja sienestykseen.<\/p>\n<p><strong>Frisbeegolf:<\/strong><\/p>\n<p><a href=\"http:\/\/frisbeegolfradat.fi\/radat\/sastamala\" target=\"_blank\">Sastamalan radat<\/a><\/p>\n<p><strong>Golf:<\/strong><\/p>\n<p><a title=\"Lakeside golf\" href=\"http:\/\/golfpiste.com\/lakeside\/\">Lakeside golf<\/a><\/p>\n<p><a href=\"http:\/\/golfpiste.com\/rivergolf\/\">Nokia River Golf<\/a><\/p>\n<p><strong>Laskettelu:<\/strong><\/p>\n<p><a href=\"http:\/\/www.ellivuori.fi\/ski\/fi\/\">Ellivuori Ski<\/a><\/p>\n<p><a href=\"http:\/\/www.tampereenrinteet.fi\/\">Tampereen rinteet<\/a><\/p>\n<p>&nbsp;<\/p>\n","protected":false},"excerpt":{"rendered":"<p>Kalastus ja uinti: M\u00f6kit sijaitsevat Kuloveden rannalla, m\u00f6kkirannat ovat ihanteellisia veto- ja viehekalastukseen sek\u00e4 uimiseen. Veneily: M\u00f6kkien rannassa on soutuveneet. M\/S Purimo risteilee H\u00e4meenkyr\u00f6ss\u00e4 Kirkkoj\u00e4rvell\u00e4 www.purimo.net Marjastus ja sienestys: M\u00f6kkien l\u00e4heisyydess\u00e4 on hyv\u00e4t mets\u00e4t marjastukseen ja sienestykseen. Frisbeegolf: Sastamalan radat Golf: Lakeside golf Nokia River Golf Laskettelu: Ellivuori Ski Tampereen rinteet &nbsp;<\/p>\n","protected":false},"author":1,"featured_media":0,"parent":0,"menu_order":5,"comment_status":"closed","ping_status":"closed","template":"","meta":[],"_links":{"self":[{"href":"http:\/\/www.niemenlomamokit.com\/index.php?rest_route=\/wp\/v2\/pages\/35"}],"collection":[{"href":"http:\/\/www.niemenlomamokit.com\/index.php?rest_route=\/wp\/v2\/pages"}],"about":[{"href":"http:\/\/www.niemenlomamokit.com\/index.php?rest_route=\/wp\/v2\/types\/page"}],"author":[{"embeddable":true,"href":"http:\/\/www.niemenlomamokit.com\/index.php?rest_route=\/wp\/v2\/users\/1"}],"replies":[{"embeddable":true,"href":"http:\/\/www.niemenlomamokit.com\/index.php?rest_route=%2Fwp%2Fv2%2Fcomments&post=35"}],"version-history":[{"count":10,"href":"http:\/\/www.niemenlomamokit.com\/index.php?rest_route=\/wp\/v2\/pages\/35\/revisions"}],"predecessor-version":[{"id":262,"href":"http:\/\/www.niemenlomamokit.com\/index.php?rest_route=\/wp\/v2\/pages\/35\/revisions\/262"}],"wp:attachment":[{"href":"http:\/\/www.niemenlomamokit.com\/index.php?rest_route=%2Fwp%2Fv2%2Fmedia&parent=35"}],"curies":[{"name":"wp","href":"https:\/\/api.w.org\/{rel}","templated":true}]}}