{"id":33,"date":"2014-02-26T17:48:42","date_gmt":"2014-02-26T15:48:42","guid":{"rendered":"http:\/\/www.niemenlomamokit.com\/?page_id=33"},"modified":"2021-05-26T19:16:17","modified_gmt":"2021-05-26T16:16:17","slug":"mokit","status":"publish","type":"page","link":"http:\/\/www.niemenlomamokit.com\/?page_id=33","title":{"rendered":"M\u00f6kit"},"content":{"rendered":"<p>Vuokrattavia m\u00f6kkej\u00e4 on kolme: <a title=\"Kostila\" href=\"http:\/\/www.niemenlomamokit.com\/?page_id=15\">Kostila<\/a>, <a title=\"Mikkola\" href=\"http:\/\/www.niemenlomamokit.com\/?page_id=17\">Mikkola <\/a>ja <a title=\"Tuohela\" href=\"http:\/\/www.niemenlomamokit.com\/?page_id=19\">Tuohela<\/a>.<\/p>\n","protected":false},"excerpt":{"rendered":"<p>Vuokrattavia m\u00f6kkej\u00e4 on kolme: Kostila, Mikkola ja Tuohela.<\/p>\n","protected":false},"author":1,"featured_media":0,"parent":0,"menu_order":2,"comment_status":"closed","ping_status":"closed","template":"","meta":[],"_links":{"self":[{"href":"http:\/\/www.niemenlomamokit.com\/index.php?rest_route=\/wp\/v2\/pages\/33"}],"collection":[{"href":"http:\/\/www.niemenlomamokit.com\/index.php?rest_route=\/wp\/v2\/pages"}],"about":[{"href":"http:\/\/www.niemenlomamokit.com\/index.php?rest_route=\/wp\/v2\/types\/page"}],"author":[{"embeddable":true,"href":"http:\/\/www.niemenlomamokit.com\/index.php?rest_route=\/wp\/v2\/users\/1"}],"replies":[{"embeddable":true,"href":"http:\/\/www.niemenlomamokit.com\/index.php?rest_route=%2Fwp%2Fv2%2Fcomments&post=33"}],"version-history":[{"count":2,"href":"http:\/\/www.niemenlomamokit.com\/index.php?rest_route=\/wp\/v2\/pages\/33\/revisions"}],"predecessor-version":[{"id":118,"href":"http:\/\/www.niemenlomamokit.com\/index.php?rest_route=\/wp\/v2\/pages\/33\/revisions\/118"}],"wp:attachment":[{"href":"http:\/\/www.niemenlomamokit.com\/index.php?rest_route=%2Fwp%2Fv2%2Fmedia&parent=33"}],"curies":[{"name":"wp","href":"https:\/\/api.w.org\/{rel}","templated":true}]}}