{"id":19,"date":"2014-02-15T11:36:20","date_gmt":"2014-02-15T09:36:20","guid":{"rendered":"http:\/\/www.niemenlomamokit.com\/?page_id=19"},"modified":"2014-03-23T16:11:13","modified_gmt":"2014-03-23T14:11:13","slug":"tuohela","status":"publish","type":"page","link":"http:\/\/www.niemenlomamokit.com\/?page_id=19","title":{"rendered":"Tuohela"},"content":{"rendered":"<p>Kahden makuuhuoneen m\u00f6kki Tuohela valmistui vuonna 2003. Isommassa makuuhuoneessa on parivuode ja pienemm\u00e4ss\u00e4 makuuhuoneessa vuode ja levitett\u00e4v\u00e4 sohva. Lis\u00e4ksi olohuoneessa on kaksi levitett\u00e4v\u00e4\u00e4 sohvaa. Rannasta l\u00f6ytyv\u00e4t laituri ja soutuvene.<\/p>\n<p>M\u00f6kiss\u00e4 on s\u00e4hk\u00f6sauna, sis\u00e4vessa, astiasto, tiski- ja pesukoneet, mikroaaltouuni, j\u00e4\u00e4kaappipakastin, kahvinkeitin, vedenkeitin, paahdin, tv, radio ja imuri.<\/p>\n<p>L\u00e4hemp\u00e4n\u00e4 rantaa sijaitsevat erillinen saunarakennus Pikku-Tapsa, jossa on pesusauna ja pieni tupa. Tuvassa on minikeitti\u00f6, takka ja levitett\u00e4v\u00e4 sohva.<\/p>\n<p>&nbsp;<\/p>\n\n\t\t<style type=\"text\/css\">\n\t\t\t#gallery-1 {\n\t\t\t\tmargin: auto;\n\t\t\t}\n\t\t\t#gallery-1 .gallery-item {\n\t\t\t\tfloat: left;\n\t\t\t\tmargin-top: 10px;\n\t\t\t\ttext-align: center;\n\t\t\t\twidth: 33%;\n\t\t\t}\n\t\t\t#gallery-1 img {\n\t\t\t\tborder: 2px solid #cfcfcf;\n\t\t\t}\n\t\t\t#gallery-1 .gallery-caption {\n\t\t\t\tmargin-left: 0;\n\t\t\t}\n\t\t\t\/* see gallery_shortcode() in wp-includes\/media.php *\/\n\t\t<\/style>\n\t\t<div id='gallery-1' class='gallery galleryid-19 gallery-columns-3 gallery-size-thumbnail'><dl class='gallery-item'>\n\t\t\t<dt class='gallery-icon landscape'>\n\t\t\t\t<a href='http:\/\/www.niemenlomamokit.com\/?attachment_id=211'><img width=\"150\" height=\"150\" src=\"http:\/\/www.niemenlomamokit.com\/wp-content\/uploads\/2014\/02\/IMG_0127-150x150.jpg\" class=\"attachment-thumbnail size-thumbnail\" alt=\"\" loading=\"lazy\" aria-describedby=\"gallery-1-211\" \/><\/a>\n\t\t\t<\/dt>\n\t\t\t\t<dd class='wp-caption-text gallery-caption' id='gallery-1-211'>\n\t\t\t\tTuohela\n\t\t\t\t<\/dd><\/dl><dl class='gallery-item'>\n\t\t\t<dt class='gallery-icon landscape'>\n\t\t\t\t<a href='http:\/\/www.niemenlomamokit.com\/?attachment_id=197'><img width=\"150\" height=\"150\" src=\"http:\/\/www.niemenlomamokit.com\/wp-content\/uploads\/2014\/02\/IMG_0008-150x150.jpg\" class=\"attachment-thumbnail size-thumbnail\" alt=\"\" loading=\"lazy\" aria-describedby=\"gallery-1-197\" \/><\/a>\n\t\t\t<\/dt>\n\t\t\t\t<dd class='wp-caption-text gallery-caption' id='gallery-1-197'>\n\t\t\t\tTuohela\n\t\t\t\t<\/dd><\/dl><dl class='gallery-item'>\n\t\t\t<dt class='gallery-icon landscape'>\n\t\t\t\t<a href='http:\/\/www.niemenlomamokit.com\/?attachment_id=198'><img width=\"150\" height=\"150\" src=\"http:\/\/www.niemenlomamokit.com\/wp-content\/uploads\/2014\/02\/IMG_00091-150x150.jpg\" class=\"attachment-thumbnail size-thumbnail\" alt=\"\" loading=\"lazy\" aria-describedby=\"gallery-1-198\" \/><\/a>\n\t\t\t<\/dt>\n\t\t\t\t<dd class='wp-caption-text gallery-caption' id='gallery-1-198'>\n\t\t\t\tMaisema terassilta\n\t\t\t\t<\/dd><\/dl><br style=\"clear: both\" \/><dl class='gallery-item'>\n\t\t\t<dt class='gallery-icon landscape'>\n\t\t\t\t<a href='http:\/\/www.niemenlomamokit.com\/?attachment_id=199'><img width=\"150\" height=\"150\" src=\"http:\/\/www.niemenlomamokit.com\/wp-content\/uploads\/2014\/02\/IMG_0012-150x150.jpg\" class=\"attachment-thumbnail size-thumbnail\" alt=\"\" loading=\"lazy\" aria-describedby=\"gallery-1-199\" \/><\/a>\n\t\t\t<\/dt>\n\t\t\t\t<dd class='wp-caption-text gallery-caption' id='gallery-1-199'>\n\t\t\t\tRantasauna Pikku-Tapsa\n\t\t\t\t<\/dd><\/dl><dl class='gallery-item'>\n\t\t\t<dt class='gallery-icon landscape'>\n\t\t\t\t<a href='http:\/\/www.niemenlomamokit.com\/?attachment_id=202'><img width=\"150\" height=\"150\" src=\"http:\/\/www.niemenlomamokit.com\/wp-content\/uploads\/2014\/02\/IMG_00191-150x150.jpg\" class=\"attachment-thumbnail size-thumbnail\" alt=\"\" loading=\"lazy\" aria-describedby=\"gallery-1-202\" \/><\/a>\n\t\t\t<\/dt>\n\t\t\t\t<dd class='wp-caption-text gallery-caption' id='gallery-1-202'>\n\t\t\t\tOlohuone\n\t\t\t\t<\/dd><\/dl><dl class='gallery-item'>\n\t\t\t<dt class='gallery-icon landscape'>\n\t\t\t\t<a href='http:\/\/www.niemenlomamokit.com\/?attachment_id=208'><img width=\"150\" height=\"150\" src=\"http:\/\/www.niemenlomamokit.com\/wp-content\/uploads\/2014\/02\/IMG_0029-150x150.jpg\" class=\"attachment-thumbnail size-thumbnail\" alt=\"\" loading=\"lazy\" aria-describedby=\"gallery-1-208\" \/><\/a>\n\t\t\t<\/dt>\n\t\t\t\t<dd class='wp-caption-text gallery-caption' id='gallery-1-208'>\n\t\t\t\tTakka\n\t\t\t\t<\/dd><\/dl><br style=\"clear: both\" \/><dl class='gallery-item'>\n\t\t\t<dt class='gallery-icon landscape'>\n\t\t\t\t<a href='http:\/\/www.niemenlomamokit.com\/?attachment_id=207'><img width=\"150\" height=\"150\" src=\"http:\/\/www.niemenlomamokit.com\/wp-content\/uploads\/2014\/02\/IMG_00281-150x150.jpg\" class=\"attachment-thumbnail size-thumbnail\" alt=\"\" loading=\"lazy\" aria-describedby=\"gallery-1-207\" \/><\/a>\n\t\t\t<\/dt>\n\t\t\t\t<dd class='wp-caption-text gallery-caption' id='gallery-1-207'>\n\t\t\t\tOlohuone\n\t\t\t\t<\/dd><\/dl><dl class='gallery-item'>\n\t\t\t<dt class='gallery-icon landscape'>\n\t\t\t\t<a href='http:\/\/www.niemenlomamokit.com\/?attachment_id=206'><img width=\"150\" height=\"150\" src=\"http:\/\/www.niemenlomamokit.com\/wp-content\/uploads\/2014\/02\/IMG_00251-150x150.jpg\" class=\"attachment-thumbnail size-thumbnail\" alt=\"\" loading=\"lazy\" aria-describedby=\"gallery-1-206\" \/><\/a>\n\t\t\t<\/dt>\n\t\t\t\t<dd class='wp-caption-text gallery-caption' id='gallery-1-206'>\n\t\t\t\tKeitti\u00f6\n\t\t\t\t<\/dd><\/dl><dl class='gallery-item'>\n\t\t\t<dt class='gallery-icon landscape'>\n\t\t\t\t<a href='http:\/\/www.niemenlomamokit.com\/?attachment_id=201'><img width=\"150\" height=\"150\" src=\"http:\/\/www.niemenlomamokit.com\/wp-content\/uploads\/2014\/02\/IMG_00182-150x150.jpg\" class=\"attachment-thumbnail size-thumbnail\" alt=\"\" loading=\"lazy\" aria-describedby=\"gallery-1-201\" \/><\/a>\n\t\t\t<\/dt>\n\t\t\t\t<dd class='wp-caption-text gallery-caption' id='gallery-1-201'>\n\t\t\t\tKeitti\u00f6\n\t\t\t\t<\/dd><\/dl><br style=\"clear: both\" \/><dl class='gallery-item'>\n\t\t\t<dt class='gallery-icon landscape'>\n\t\t\t\t<a href='http:\/\/www.niemenlomamokit.com\/?attachment_id=205'><img width=\"150\" height=\"150\" src=\"http:\/\/www.niemenlomamokit.com\/wp-content\/uploads\/2014\/02\/IMG_00232-150x150.jpg\" class=\"attachment-thumbnail size-thumbnail\" alt=\"\" loading=\"lazy\" aria-describedby=\"gallery-1-205\" \/><\/a>\n\t\t\t<\/dt>\n\t\t\t\t<dd class='wp-caption-text gallery-caption' id='gallery-1-205'>\n\t\t\t\tMakuuhuone (isompi)\n\t\t\t\t<\/dd><\/dl><dl class='gallery-item'>\n\t\t\t<dt class='gallery-icon landscape'>\n\t\t\t\t<a href='http:\/\/www.niemenlomamokit.com\/?attachment_id=204'><img width=\"150\" height=\"150\" src=\"http:\/\/www.niemenlomamokit.com\/wp-content\/uploads\/2014\/02\/IMG_00222-150x150.jpg\" class=\"attachment-thumbnail size-thumbnail\" alt=\"\" loading=\"lazy\" aria-describedby=\"gallery-1-204\" \/><\/a>\n\t\t\t<\/dt>\n\t\t\t\t<dd class='wp-caption-text gallery-caption' id='gallery-1-204'>\n\t\t\t\tMakuuhuone (pienempi)\n\t\t\t\t<\/dd><\/dl><dl class='gallery-item'>\n\t\t\t<dt class='gallery-icon landscape'>\n\t\t\t\t<a href='http:\/\/www.niemenlomamokit.com\/?attachment_id=200'><img width=\"150\" height=\"150\" src=\"http:\/\/www.niemenlomamokit.com\/wp-content\/uploads\/2014\/02\/IMG_00161-150x150.jpg\" class=\"attachment-thumbnail size-thumbnail\" alt=\"\" loading=\"lazy\" aria-describedby=\"gallery-1-200\" \/><\/a>\n\t\t\t<\/dt>\n\t\t\t\t<dd class='wp-caption-text gallery-caption' id='gallery-1-200'>\n\t\t\t\tSauna\n\t\t\t\t<\/dd><\/dl><br style=\"clear: both\" \/><dl class='gallery-item'>\n\t\t\t<dt class='gallery-icon landscape'>\n\t\t\t\t<a href='http:\/\/www.niemenlomamokit.com\/?attachment_id=213'><img width=\"150\" height=\"150\" src=\"http:\/\/www.niemenlomamokit.com\/wp-content\/uploads\/2014\/02\/IMG_0038-150x150.jpg\" class=\"attachment-thumbnail size-thumbnail\" alt=\"\" loading=\"lazy\" aria-describedby=\"gallery-1-213\" \/><\/a>\n\t\t\t<\/dt>\n\t\t\t\t<dd class='wp-caption-text gallery-caption' id='gallery-1-213'>\n\t\t\t\tRantasauna Pikku-Tapsa\n\t\t\t\t<\/dd><\/dl><dl class='gallery-item'>\n\t\t\t<dt class='gallery-icon landscape'>\n\t\t\t\t<a href='http:\/\/www.niemenlomamokit.com\/?attachment_id=216'><img width=\"150\" height=\"150\" src=\"http:\/\/www.niemenlomamokit.com\/wp-content\/uploads\/2014\/02\/IMG_0047-150x150.jpg\" class=\"attachment-thumbnail size-thumbnail\" alt=\"\" loading=\"lazy\" aria-describedby=\"gallery-1-216\" \/><\/a>\n\t\t\t<\/dt>\n\t\t\t\t<dd class='wp-caption-text gallery-caption' id='gallery-1-216'>\n\t\t\t\tRantasauna Pikku-Tapsa\n\t\t\t\t<\/dd><\/dl><dl class='gallery-item'>\n\t\t\t<dt class='gallery-icon landscape'>\n\t\t\t\t<a href='http:\/\/www.niemenlomamokit.com\/?attachment_id=214'><img width=\"150\" height=\"150\" src=\"http:\/\/www.niemenlomamokit.com\/wp-content\/uploads\/2014\/02\/IMG_0041-150x150.jpg\" class=\"attachment-thumbnail size-thumbnail\" alt=\"\" loading=\"lazy\" aria-describedby=\"gallery-1-214\" \/><\/a>\n\t\t\t<\/dt>\n\t\t\t\t<dd class='wp-caption-text gallery-caption' id='gallery-1-214'>\n\t\t\t\tMaisema rantasaunan terassilta\n\t\t\t\t<\/dd><\/dl><br style=\"clear: both\" \/><dl class='gallery-item'>\n\t\t\t<dt class='gallery-icon landscape'>\n\t\t\t\t<a href='http:\/\/www.niemenlomamokit.com\/?attachment_id=215'><img width=\"150\" height=\"150\" src=\"http:\/\/www.niemenlomamokit.com\/wp-content\/uploads\/2014\/02\/IMG_0042-150x150.jpg\" class=\"attachment-thumbnail size-thumbnail\" alt=\"\" loading=\"lazy\" aria-describedby=\"gallery-1-215\" \/><\/a>\n\t\t\t<\/dt>\n\t\t\t\t<dd class='wp-caption-text gallery-caption' id='gallery-1-215'>\n\t\t\t\tMaisema rantasaunan terassilta\n\t\t\t\t<\/dd><\/dl><dl class='gallery-item'>\n\t\t\t<dt class='gallery-icon portrait'>\n\t\t\t\t<a href='http:\/\/www.niemenlomamokit.com\/?attachment_id=217'><img width=\"150\" height=\"150\" src=\"http:\/\/www.niemenlomamokit.com\/wp-content\/uploads\/2014\/02\/IMG_0128-150x150.jpg\" class=\"attachment-thumbnail size-thumbnail\" alt=\"\" loading=\"lazy\" aria-describedby=\"gallery-1-217\" \/><\/a>\n\t\t\t<\/dt>\n\t\t\t\t<dd class='wp-caption-text gallery-caption' id='gallery-1-217'>\n\t\t\t\tRantasaunan pasusauna\n\t\t\t\t<\/dd><\/dl><dl class='gallery-item'>\n\t\t\t<dt class='gallery-icon landscape'>\n\t\t\t\t<a href='http:\/\/www.niemenlomamokit.com\/?attachment_id=218'><img width=\"150\" height=\"150\" src=\"http:\/\/www.niemenlomamokit.com\/wp-content\/uploads\/2014\/02\/IMG_0130-150x150.jpg\" class=\"attachment-thumbnail size-thumbnail\" alt=\"\" loading=\"lazy\" aria-describedby=\"gallery-1-218\" \/><\/a>\n\t\t\t<\/dt>\n\t\t\t\t<dd class='wp-caption-text gallery-caption' id='gallery-1-218'>\n\t\t\t\tRantasaunan tupa\n\t\t\t\t<\/dd><\/dl><br style=\"clear: both\" \/>\n\t\t<\/div>\n\n<p>&nbsp;<\/p>\n<p>&nbsp;<\/p>\n","protected":false},"excerpt":{"rendered":"<p>Kahden makuuhuoneen m\u00f6kki Tuohela valmistui vuonna 2003. Isommassa makuuhuoneessa on parivuode ja pienemm\u00e4ss\u00e4 makuuhuoneessa vuode ja levitett\u00e4v\u00e4 sohva. Lis\u00e4ksi olohuoneessa on kaksi levitett\u00e4v\u00e4\u00e4 sohvaa. Rannasta l\u00f6ytyv\u00e4t laituri ja soutuvene. M\u00f6kiss\u00e4 on s\u00e4hk\u00f6sauna, sis\u00e4vessa, astiasto, tiski- ja pesukoneet, mikroaaltouuni, j\u00e4\u00e4kaappipakastin, kahvinkeitin, vedenkeitin, paahdin, tv, radio ja imuri. L\u00e4hemp\u00e4n\u00e4 rantaa sijaitsevat erillinen saunarakennus Pikku-Tapsa, jossa on pesusauna [&hellip;]<\/p>\n","protected":false},"author":1,"featured_media":0,"parent":33,"menu_order":0,"comment_status":"closed","ping_status":"closed","template":"","meta":[],"_links":{"self":[{"href":"http:\/\/www.niemenlomamokit.com\/index.php?rest_route=\/wp\/v2\/pages\/19"}],"collection":[{"href":"http:\/\/www.niemenlomamokit.com\/index.php?rest_route=\/wp\/v2\/pages"}],"about":[{"href":"http:\/\/www.niemenlomamokit.com\/index.php?rest_route=\/wp\/v2\/types\/page"}],"author":[{"embeddable":true,"href":"http:\/\/www.niemenlomamokit.com\/index.php?rest_route=\/wp\/v2\/users\/1"}],"replies":[{"embeddable":true,"href":"http:\/\/www.niemenlomamokit.com\/index.php?rest_route=%2Fwp%2Fv2%2Fcomments&post=19"}],"version-history":[{"count":6,"href":"http:\/\/www.niemenlomamokit.com\/index.php?rest_route=\/wp\/v2\/pages\/19\/revisions"}],"predecessor-version":[{"id":255,"href":"http:\/\/www.niemenlomamokit.com\/index.php?rest_route=\/wp\/v2\/pages\/19\/revisions\/255"}],"up":[{"embeddable":true,"href":"http:\/\/www.niemenlomamokit.com\/index.php?rest_route=\/wp\/v2\/pages\/33"}],"wp:attachment":[{"href":"http:\/\/www.niemenlomamokit.com\/index.php?rest_route=%2Fwp%2Fv2%2Fmedia&parent=19"}],"curies":[{"name":"wp","href":"https:\/\/api.w.org\/{rel}","templated":true}]}}