{"id":15,"date":"2014-02-15T11:32:57","date_gmt":"2014-02-15T09:32:57","guid":{"rendered":"http:\/\/www.niemenlomamokit.com\/?page_id=15"},"modified":"2021-05-26T20:14:55","modified_gmt":"2021-05-26T17:14:55","slug":"kostila","status":"publish","type":"page","link":"http:\/\/www.niemenlomamokit.com\/?page_id=15","title":{"rendered":"Kostila"},"content":{"rendered":"<p>Kahden makuuhuoneen m\u00f6kki Kostila valmistui vuonna 1996. Isommassa makuuhuoneessa on parivuode ja pienemm\u00e4ss\u00e4 makuuhuoneessa vuode ja levitett\u00e4v\u00e4 sohva. Lis\u00e4ksi olohuoneessa on levitett\u00e4v\u00e4 sohva. Rannasta l\u00f6ytyv\u00e4t laituri ja soutuvene. Ranta sopii Niemen lomam\u00f6kkien rannoista parhaiten lapsiperheille.<\/p>\n<p>M\u00f6kiss\u00e4 on s\u00e4hk\u00f6sauna, sis\u00e4vessa, astiasto, tiski- ja pesukoneet, mikroaaltouuni, j\u00e4\u00e4kaappipakastin, kahvinkeitin, vedenkeitin, paahdin, tv, radio ja imuri.<\/p>\n\n\t\t<style type=\"text\/css\">\n\t\t\t#gallery-1 {\n\t\t\t\tmargin: auto;\n\t\t\t}\n\t\t\t#gallery-1 .gallery-item {\n\t\t\t\tfloat: left;\n\t\t\t\tmargin-top: 10px;\n\t\t\t\ttext-align: center;\n\t\t\t\twidth: 33%;\n\t\t\t}\n\t\t\t#gallery-1 img {\n\t\t\t\tborder: 2px solid #cfcfcf;\n\t\t\t}\n\t\t\t#gallery-1 .gallery-caption {\n\t\t\t\tmargin-left: 0;\n\t\t\t}\n\t\t\t\/* see gallery_shortcode() in wp-includes\/media.php *\/\n\t\t<\/style>\n\t\t<div id='gallery-1' class='gallery galleryid-15 gallery-columns-3 gallery-size-thumbnail'><dl class='gallery-item'>\n\t\t\t<dt class='gallery-icon landscape'>\n\t\t\t\t<a href='http:\/\/www.niemenlomamokit.com\/?attachment_id=76'><img width=\"150\" height=\"150\" src=\"http:\/\/www.niemenlomamokit.com\/wp-content\/uploads\/2014\/02\/KOSTILA-150x150.jpg\" class=\"attachment-thumbnail size-thumbnail\" alt=\"\" loading=\"lazy\" aria-describedby=\"gallery-1-76\" \/><\/a>\n\t\t\t<\/dt>\n\t\t\t\t<dd class='wp-caption-text gallery-caption' id='gallery-1-76'>\n\t\t\t\tKostila\n\t\t\t\t<\/dd><\/dl><dl class='gallery-item'>\n\t\t\t<dt class='gallery-icon landscape'>\n\t\t\t\t<a href='http:\/\/www.niemenlomamokit.com\/?attachment_id=166'><img width=\"150\" height=\"150\" src=\"http:\/\/www.niemenlomamokit.com\/wp-content\/uploads\/2014\/02\/IMG_0126-150x150.jpg\" class=\"attachment-thumbnail size-thumbnail\" alt=\"\" loading=\"lazy\" aria-describedby=\"gallery-1-166\" \/><\/a>\n\t\t\t<\/dt>\n\t\t\t\t<dd class='wp-caption-text gallery-caption' id='gallery-1-166'>\n\t\t\t\tKostila\n\t\t\t\t<\/dd><\/dl><dl class='gallery-item'>\n\t\t\t<dt class='gallery-icon landscape'>\n\t\t\t\t<a href='http:\/\/www.niemenlomamokit.com\/?attachment_id=168'><img width=\"150\" height=\"150\" src=\"http:\/\/www.niemenlomamokit.com\/wp-content\/uploads\/2014\/02\/IMG_0110-150x150.jpg\" class=\"attachment-thumbnail size-thumbnail\" alt=\"\" loading=\"lazy\" aria-describedby=\"gallery-1-168\" \/><\/a>\n\t\t\t<\/dt>\n\t\t\t\t<dd class='wp-caption-text gallery-caption' id='gallery-1-168'>\n\t\t\t\tMaisema \n\t\t\t\t<\/dd><\/dl><br style=\"clear: both\" \/><dl class='gallery-item'>\n\t\t\t<dt class='gallery-icon landscape'>\n\t\t\t\t<a href='http:\/\/www.niemenlomamokit.com\/?attachment_id=167'><img width=\"150\" height=\"150\" src=\"http:\/\/www.niemenlomamokit.com\/wp-content\/uploads\/2014\/02\/IMG_0107-150x150.jpg\" class=\"attachment-thumbnail size-thumbnail\" alt=\"\" loading=\"lazy\" aria-describedby=\"gallery-1-167\" \/><\/a>\n\t\t\t<\/dt>\n\t\t\t\t<dd class='wp-caption-text gallery-caption' id='gallery-1-167'>\n\t\t\t\tmaisema\n\t\t\t\t<\/dd><\/dl><dl class='gallery-item'>\n\t\t\t<dt class='gallery-icon landscape'>\n\t\t\t\t<a href='http:\/\/www.niemenlomamokit.com\/?attachment_id=75'><img width=\"150\" height=\"150\" src=\"http:\/\/www.niemenlomamokit.com\/wp-content\/uploads\/2014\/02\/KOSTILA-PP-150x150.jpg\" class=\"attachment-thumbnail size-thumbnail\" alt=\"\" loading=\"lazy\" aria-describedby=\"gallery-1-75\" \/><\/a>\n\t\t\t<\/dt>\n\t\t\t\t<dd class='wp-caption-text gallery-caption' id='gallery-1-75'>\n\t\t\t\tPohjapiirustus\n\t\t\t\t<\/dd><\/dl><dl class='gallery-item'>\n\t\t\t<dt class='gallery-icon landscape'>\n\t\t\t\t<a href='http:\/\/www.niemenlomamokit.com\/?attachment_id=173'><img width=\"150\" height=\"150\" src=\"http:\/\/www.niemenlomamokit.com\/wp-content\/uploads\/2014\/02\/IMG_0116-150x150.jpg\" class=\"attachment-thumbnail size-thumbnail\" alt=\"\" loading=\"lazy\" aria-describedby=\"gallery-1-173\" \/><\/a>\n\t\t\t<\/dt>\n\t\t\t\t<dd class='wp-caption-text gallery-caption' id='gallery-1-173'>\n\t\t\t\tOlohuone keitti\u00f6\n\t\t\t\t<\/dd><\/dl><br style=\"clear: both\" \/><dl class='gallery-item'>\n\t\t\t<dt class='gallery-icon landscape'>\n\t\t\t\t<a href='http:\/\/www.niemenlomamokit.com\/?attachment_id=172'><img width=\"150\" height=\"150\" src=\"http:\/\/www.niemenlomamokit.com\/wp-content\/uploads\/2014\/02\/IMG_0115-150x150.jpg\" class=\"attachment-thumbnail size-thumbnail\" alt=\"\" loading=\"lazy\" aria-describedby=\"gallery-1-172\" \/><\/a>\n\t\t\t<\/dt>\n\t\t\t\t<dd class='wp-caption-text gallery-caption' id='gallery-1-172'>\n\t\t\t\tOlohuone\n\t\t\t\t<\/dd><\/dl><dl class='gallery-item'>\n\t\t\t<dt class='gallery-icon landscape'>\n\t\t\t\t<a href='http:\/\/www.niemenlomamokit.com\/?attachment_id=72'><img width=\"150\" height=\"150\" src=\"http:\/\/www.niemenlomamokit.com\/wp-content\/uploads\/2014\/02\/KOS-SIS-150x150.jpg\" class=\"attachment-thumbnail size-thumbnail\" alt=\"\" loading=\"lazy\" aria-describedby=\"gallery-1-72\" \/><\/a>\n\t\t\t<\/dt>\n\t\t\t\t<dd class='wp-caption-text gallery-caption' id='gallery-1-72'>\n\t\t\t\tKeitti\u00f6\n\t\t\t\t<\/dd><\/dl><dl class='gallery-item'>\n\t\t\t<dt class='gallery-icon landscape'>\n\t\t\t\t<a href='http:\/\/www.niemenlomamokit.com\/?attachment_id=73'><img width=\"150\" height=\"150\" src=\"http:\/\/www.niemenlomamokit.com\/wp-content\/uploads\/2014\/02\/KOST-SIS-150x150.jpg\" class=\"attachment-thumbnail size-thumbnail\" alt=\"\" loading=\"lazy\" aria-describedby=\"gallery-1-73\" \/><\/a>\n\t\t\t<\/dt>\n\t\t\t\t<dd class='wp-caption-text gallery-caption' id='gallery-1-73'>\n\t\t\t\tKeitti\u00f6\n\t\t\t\t<\/dd><\/dl><br style=\"clear: both\" \/><dl class='gallery-item'>\n\t\t\t<dt class='gallery-icon landscape'>\n\t\t\t\t<a href='http:\/\/www.niemenlomamokit.com\/?attachment_id=171'><img width=\"150\" height=\"150\" src=\"http:\/\/www.niemenlomamokit.com\/wp-content\/uploads\/2014\/02\/IMG_0114-150x150.jpg\" class=\"attachment-thumbnail size-thumbnail\" alt=\"\" loading=\"lazy\" aria-describedby=\"gallery-1-171\" \/><\/a>\n\t\t\t<\/dt>\n\t\t\t\t<dd class='wp-caption-text gallery-caption' id='gallery-1-171'>\n\t\t\t\tMakuuhuone isompi\n\t\t\t\t<\/dd><\/dl><dl class='gallery-item'>\n\t\t\t<dt class='gallery-icon landscape'>\n\t\t\t\t<a href='http:\/\/www.niemenlomamokit.com\/?attachment_id=170'><img width=\"150\" height=\"150\" src=\"http:\/\/www.niemenlomamokit.com\/wp-content\/uploads\/2014\/02\/IMG_0113-150x150.jpg\" class=\"attachment-thumbnail size-thumbnail\" alt=\"\" loading=\"lazy\" aria-describedby=\"gallery-1-170\" \/><\/a>\n\t\t\t<\/dt>\n\t\t\t\t<dd class='wp-caption-text gallery-caption' id='gallery-1-170'>\n\t\t\t\tMakuuhuone pienempi\n\t\t\t\t<\/dd><\/dl><dl class='gallery-item'>\n\t\t\t<dt class='gallery-icon portrait'>\n\t\t\t\t<a href='http:\/\/www.niemenlomamokit.com\/?attachment_id=169'><img width=\"150\" height=\"150\" src=\"http:\/\/www.niemenlomamokit.com\/wp-content\/uploads\/2014\/02\/IMG_0112-150x150.jpg\" class=\"attachment-thumbnail size-thumbnail\" alt=\"\" loading=\"lazy\" aria-describedby=\"gallery-1-169\" \/><\/a>\n\t\t\t<\/dt>\n\t\t\t\t<dd class='wp-caption-text gallery-caption' id='gallery-1-169'>\n\t\t\t\tSauna\n\t\t\t\t<\/dd><\/dl><br style=\"clear: both\" \/>\n\t\t<\/div>\n\n","protected":false},"excerpt":{"rendered":"<p>Kahden makuuhuoneen m\u00f6kki Kostila valmistui vuonna 1996. Isommassa makuuhuoneessa on parivuode ja pienemm\u00e4ss\u00e4 makuuhuoneessa vuode ja levitett\u00e4v\u00e4 sohva. Lis\u00e4ksi olohuoneessa on levitett\u00e4v\u00e4 sohva. Rannasta l\u00f6ytyv\u00e4t laituri ja soutuvene. Ranta sopii Niemen lomam\u00f6kkien rannoista parhaiten lapsiperheille. M\u00f6kiss\u00e4 on s\u00e4hk\u00f6sauna, sis\u00e4vessa, astiasto, tiski- ja pesukoneet, mikroaaltouuni, j\u00e4\u00e4kaappipakastin, kahvinkeitin, vedenkeitin, paahdin, tv, radio ja imuri.<\/p>\n","protected":false},"author":1,"featured_media":0,"parent":33,"menu_order":0,"comment_status":"closed","ping_status":"closed","template":"","meta":[],"_links":{"self":[{"href":"http:\/\/www.niemenlomamokit.com\/index.php?rest_route=\/wp\/v2\/pages\/15"}],"collection":[{"href":"http:\/\/www.niemenlomamokit.com\/index.php?rest_route=\/wp\/v2\/pages"}],"about":[{"href":"http:\/\/www.niemenlomamokit.com\/index.php?rest_route=\/wp\/v2\/types\/page"}],"author":[{"embeddable":true,"href":"http:\/\/www.niemenlomamokit.com\/index.php?rest_route=\/wp\/v2\/users\/1"}],"replies":[{"embeddable":true,"href":"http:\/\/www.niemenlomamokit.com\/index.php?rest_route=%2Fwp%2Fv2%2Fcomments&post=15"}],"version-history":[{"count":12,"href":"http:\/\/www.niemenlomamokit.com\/index.php?rest_route=\/wp\/v2\/pages\/15\/revisions"}],"predecessor-version":[{"id":1038,"href":"http:\/\/www.niemenlomamokit.com\/index.php?rest_route=\/wp\/v2\/pages\/15\/revisions\/1038"}],"up":[{"embeddable":true,"href":"http:\/\/www.niemenlomamokit.com\/index.php?rest_route=\/wp\/v2\/pages\/33"}],"wp:attachment":[{"href":"http:\/\/www.niemenlomamokit.com\/index.php?rest_route=%2Fwp%2Fv2%2Fmedia&parent=15"}],"curies":[{"name":"wp","href":"https:\/\/api.w.org\/{rel}","templated":true}]}}