{"id":148,"date":"2014-03-01T12:25:19","date_gmt":"2014-03-01T10:25:19","guid":{"rendered":"http:\/\/www.niemenlomamokit.com\/?page_id=148"},"modified":"2021-05-26T20:13:35","modified_gmt":"2021-05-26T17:13:35","slug":"etusivu","status":"publish","type":"page","link":"http:\/\/www.niemenlomamokit.com\/","title":{"rendered":""},"content":{"rendered":"<p>M\u00f6kit sijaitsevat Vammalassa Kuloveden rannalla luonnonkauniilla paikalla.<\/p>\n<p>Matkaa Vammalan keskustasta on noin 25 kilometri\u00e4 ja Tampereelta noin 45 kilometri\u00e4.<\/p>\n<p>M\u00f6kkej\u00e4 voi vuokrata ymp\u00e4ri vuoden. Koulujen kes\u00e4lomien aikaan m\u00f6kki on mahdollista vuokrata kokonaisiksi viikoiksi, muulloin my\u00f6s viikonlopuiksi.<\/p>\n<p>M\u00f6kkiviikko alkaa lauantaina kello 14, ellei toisin sovita.\u00a0M\u00f6kkiviikko p\u00e4\u00e4ttyy kello 12. Vuokralaiset vastaavat m\u00f6kin siivouksesta.<span style=\"font-size: small;\"><br \/>\n<\/span><\/p>\n<p><span style=\"font-size: small;\">\u00a0<\/span><\/p>\n","protected":false},"excerpt":{"rendered":"<p>M\u00f6kit sijaitsevat Vammalassa Kuloveden rannalla luonnonkauniilla paikalla. Matkaa Vammalan keskustasta on noin 25 kilometri\u00e4 ja Tampereelta noin 45 kilometri\u00e4. M\u00f6kkej\u00e4 voi vuokrata ymp\u00e4ri vuoden. Koulujen kes\u00e4lomien aikaan m\u00f6kki on mahdollista vuokrata kokonaisiksi viikoiksi, muulloin my\u00f6s viikonlopuiksi. M\u00f6kkiviikko alkaa lauantaina kello 14, ellei toisin sovita.\u00a0M\u00f6kkiviikko p\u00e4\u00e4ttyy kello 12. Vuokralaiset vastaavat m\u00f6kin siivouksesta. \u00a0<\/p>\n","protected":false},"author":1,"featured_media":0,"parent":0,"menu_order":1,"comment_status":"closed","ping_status":"closed","template":"","meta":[],"_links":{"self":[{"href":"http:\/\/www.niemenlomamokit.com\/index.php?rest_route=\/wp\/v2\/pages\/148"}],"collection":[{"href":"http:\/\/www.niemenlomamokit.com\/index.php?rest_route=\/wp\/v2\/pages"}],"about":[{"href":"http:\/\/www.niemenlomamokit.com\/index.php?rest_route=\/wp\/v2\/types\/page"}],"author":[{"embeddable":true,"href":"http:\/\/www.niemenlomamokit.com\/index.php?rest_route=\/wp\/v2\/users\/1"}],"replies":[{"embeddable":true,"href":"http:\/\/www.niemenlomamokit.com\/index.php?rest_route=%2Fwp%2Fv2%2Fcomments&post=148"}],"version-history":[{"count":5,"href":"http:\/\/www.niemenlomamokit.com\/index.php?rest_route=\/wp\/v2\/pages\/148\/revisions"}],"predecessor-version":[{"id":1036,"href":"http:\/\/www.niemenlomamokit.com\/index.php?rest_route=\/wp\/v2\/pages\/148\/revisions\/1036"}],"wp:attachment":[{"href":"http:\/\/www.niemenlomamokit.com\/index.php?rest_route=%2Fwp%2Fv2%2Fmedia&parent=148"}],"curies":[{"name":"wp","href":"https:\/\/api.w.org\/{rel}","templated":true}]}}